{"id":5652,"date":"2021-10-18T13:51:43","date_gmt":"2021-10-18T10:51:43","guid":{"rendered":"https:\/\/demo.casethemes.net\/consultio\/?page_id=5652"},"modified":"2025-12-10T10:39:31","modified_gmt":"2025-12-10T07:39:31","slug":"anasayfa","status":"publish","type":"page","link":"https:\/\/www.oceansteam.com.tr\/","title":{"rendered":"Anasayfa"},"content":{"rendered":"\t\t<div data-elementor-type=\"wp-page\" data-elementor-id=\"5652\" class=\"elementor elementor-5652\">\n\t\t\t\t\t\t\t        <section class=\"elementor-section elementor-top-section elementor-element elementor-element-21c1b37 elementor-section-full_width elementor-section-stretched elementor-section-height-default elementor-section-height-default ct-header-fixed-none ct-row-max-none\" data-id=\"21c1b37\" data-element_type=\"section\" data-settings=\"{&quot;stretch_section&quot;:&quot;section-stretched&quot;}\">\n            \n                        <div class=\"elementor-container elementor-column-gap-no \">\n                    <div class=\"elementor-column elementor-col-100 elementor-top-column elementor-element elementor-element-85bae84\" data-id=\"85bae84\" data-element_type=\"column\">\n            <div class=\"elementor-widget-wrap elementor-element-populated\">\n                        \t\t<div class=\"elementor-element elementor-element-a2277bc elementor-widget elementor-widget-ct_slider\" data-id=\"a2277bc\" data-element_type=\"widget\" data-widget_type=\"ct_slider.default\">\n\t\t\t\t<div class=\"elementor-widget-container\">\n\t\t\t<div class=\"ct--slider-wrap1\">\n    <div class=\"ct--slider-number\">\n        <div class=\"ct-carousel-inner\">\n            <div class=\"ct-slick-carousel\" data-arrows=\"\" data-dots=\"false\" data-pauseOnHover=\"\" data-autoplay=\"true\" data-autoplaySpeed=\"9000\" data-infinite=\"true\" data-speed=\"500\" data-colxs=\"1\" data-colsm=\"1\" data-colmd=\"1\" data-collg=\"1\" data-colxl=\"1\" data-dir=\"false\" data-slidesToScroll=\"1\" data-fade=\"true\">\n                                    <div class=\"slick-slide\">\n                        <div class=\"count-number\">\n                            <span>01<\/span>\n                            \/02                        <\/div>\n                    <\/div>\n                                    <div class=\"slick-slide\">\n                        <div class=\"count-number\">\n                            <span>02<\/span>\n                            \/02                        <\/div>\n                    <\/div>\n                            <\/div>\n        <\/div>\n    <\/div>\n    <div class=\"ct--slider ct--slider1 ct-slick-slider\">\n        <div class=\"ct-carousel-inner\">\n            <div class=\"ct-slick-carousel\" data-arrows=\"\" data-dots=\"false\" data-pauseOnHover=\"\" data-autoplay=\"true\" data-autoplaySpeed=\"9000\" data-infinite=\"true\" data-speed=\"500\" data-colxs=\"1\" data-colsm=\"1\" data-colmd=\"1\" data-collg=\"1\" data-colxl=\"1\" data-dir=\"false\" data-slidesToScroll=\"1\" data-fade=\"true\">\n                                    <div class=\"slick-slide\">\n                        <div class=\"item--inner\">\n                            <div class=\"item--meta img-active\">\n                                <div class=\"item--textoutline el-empty ct-slider-fadeInRight\"><\/div>\n                                <div class=\"item--meta-inner ct-slider-fadeInUp\">\n                                    <h3 class=\"item--title el-empty\"><cite>Ba\u015far\u0131ya<\/cite> giden yolda hep yan\u0131n\u0131zday\u0131z...<\/h3>\n                                    <div class=\"item--desc el-empty\">M\u00fc\u015fteri beklentilerini a\u015fan rekabet\u00e7i vizyonumuz ile her g\u00fcn daha ileriye...<\/div>\n                                                                            <div class=\"item--button\"><a class=\"btn btn-effect2\" href=\"\/iletisim\">bize ula\u015f\u0131n<\/a><\/div>\n                                                                    <\/div>\n                                                            <\/div>\n                                                            <div class=\"item--image\">\n                                    <div class=\"image-animation-zoom bg-image\" style=\"background-image: url(http:\/\/www.oceansteam.com.tr\/wp-content\/uploads\/2023\/02\/IMG_1133.jpg);\"><\/div>\n                                <\/div>\n                                                   <\/div>\n                    <\/div>\n                                    <div class=\"slick-slide\">\n                        <div class=\"item--inner\">\n                            <div class=\"item--meta img-active\">\n                                <div class=\"item--textoutline el-empty ct-slider-fadeInRight\"><\/div>\n                                <div class=\"item--meta-inner ct-slider-fadeInUp\">\n                                    <h3 class=\"item--title el-empty\"><cite>Ba\u015far\u0131ya<\/cite> giden yolda hep yan\u0131n\u0131zday\u0131z...<\/h3>\n                                    <div class=\"item--desc el-empty\">M\u00fc\u015fteri beklentilerini a\u015fan rekabet\u00e7i vizyonumuz ile her g\u00fcn daha ileriye...<\/div>\n                                                                            <div class=\"item--button\"><a class=\"btn btn-effect2\" href=\"oceansteam.com.tr\/iletisim\/\">bize ula\u015f\u0131n<\/a><\/div>\n                                                                    <\/div>\n                                                            <\/div>\n                                                            <div class=\"item--image\">\n                                    <div class=\"image-animation-zoom bg-image\" style=\"background-image: url(http:\/\/www.oceansteam.com.tr\/wp-content\/uploads\/2023\/02\/IMG_3775INTERNET-SITE-FOTO.jpg);\"><\/div>\n                                <\/div>\n                                                   <\/div>\n                    <\/div>\n                            <\/div>\n        <\/div>\n    <\/div>\n<\/div>\n\t\t<\/div>\n\t\t\t\t<\/div>\n\t\t            <\/div>\n        <\/div>\n                            <\/div>\n        <\/section>\n        \t\t\t\t\t<\/div>\n\t\t","protected":false},"excerpt":{"rendered":"<p>01 \/02 02 \/02 Ba\u015far\u0131ya giden yolda hep yan\u0131n\u0131zday\u0131z&#8230; M\u00fc\u015fteri beklentilerini a\u015fan rekabet\u00e7i vizyonumuz ile her g\u00fcn daha ileriye&#8230; bize ula\u015f\u0131n Ba\u015far\u0131ya giden yolda hep yan\u0131n\u0131zday\u0131z&#8230; M\u00fc\u015fteri beklentilerini a\u015fan rekabet\u00e7i vizyonumuz ile her g\u00fcn daha ileriye&#8230; bize ula\u015f\u0131n<\/p>\n","protected":false},"author":1,"featured_media":0,"parent":0,"menu_order":0,"comment_status":"closed","ping_status":"closed","template":"","meta":{"footnotes":""},"class_list":["post-5652","page","type-page","status-publish","hentry"],"_links":{"self":[{"href":"https:\/\/www.oceansteam.com.tr\/index.php?rest_route=\/wp\/v2\/pages\/5652","targetHints":{"allow":["GET"]}}],"collection":[{"href":"https:\/\/www.oceansteam.com.tr\/index.php?rest_route=\/wp\/v2\/pages"}],"about":[{"href":"https:\/\/www.oceansteam.com.tr\/index.php?rest_route=\/wp\/v2\/types\/page"}],"author":[{"embeddable":true,"href":"https:\/\/www.oceansteam.com.tr\/index.php?rest_route=\/wp\/v2\/users\/1"}],"replies":[{"embeddable":true,"href":"https:\/\/www.oceansteam.com.tr\/index.php?rest_route=%2Fwp%2Fv2%2Fcomments&post=5652"}],"version-history":[{"count":86,"href":"https:\/\/www.oceansteam.com.tr\/index.php?rest_route=\/wp\/v2\/pages\/5652\/revisions"}],"predecessor-version":[{"id":8442,"href":"https:\/\/www.oceansteam.com.tr\/index.php?rest_route=\/wp\/v2\/pages\/5652\/revisions\/8442"}],"wp:attachment":[{"href":"https:\/\/www.oceansteam.com.tr\/index.php?rest_route=%2Fwp%2Fv2%2Fmedia&parent=5652"}],"curies":[{"name":"wp","href":"https:\/\/api.w.org\/{rel}","templated":true}]}}