{"id":3495,"date":"2020-02-07T02:16:59","date_gmt":"2020-02-06T23:16:59","guid":{"rendered":"https:\/\/demo.casethemes.net\/consultio\/?page_id=3495"},"modified":"2024-05-30T12:57:49","modified_gmt":"2024-05-30T09:57:49","slug":"kurumsal","status":"publish","type":"page","link":"https:\/\/www.oceansteam.com.tr\/?page_id=3495","title":{"rendered":"Kurumsal"},"content":{"rendered":"\t\t<div data-elementor-type=\"wp-page\" data-elementor-id=\"3495\" class=\"elementor elementor-3495\">\n\t\t\t\t        <section class=\"elementor-section elementor-top-section elementor-element elementor-element-bca8448 elementor-section-stretched elementor-section-boxed elementor-section-height-default elementor-section-height-default ct-header-fixed-none ct-row-max-none\" data-id=\"bca8448\" data-element_type=\"section\" data-e-type=\"section\" data-settings=\"{&quot;stretch_section&quot;:&quot;section-stretched&quot;}\">\n            \n                        <div class=\"elementor-container elementor-column-gap-extended \">\n                            <div class=\"elementor-row\">\n                    <div class=\"elementor-column elementor-col-100 elementor-top-column elementor-element elementor-element-8630a61\" data-id=\"8630a61\" data-element_type=\"column\" data-e-type=\"column\">\n            <div class=\"elementor-column-wrap elementor-element-populated\">\n                            <div class=\"elementor-widget-wrap\">\n                        <section class=\"elementor-section elementor-inner-section elementor-element elementor-element-942af5f elementor-section-boxed elementor-section-height-default elementor-section-height-default ct-header-fixed-none ct-row-max-none\" data-id=\"942af5f\" data-element_type=\"section\" data-e-type=\"section\">\n            \n                        <div class=\"elementor-container elementor-column-gap-extended \">\n                            <div class=\"elementor-row\">\n                    <div class=\"elementor-column elementor-col-100 elementor-inner-column elementor-element elementor-element-f269e39\" data-id=\"f269e39\" data-element_type=\"column\" data-e-type=\"column\">\n            <div class=\"elementor-column-wrap elementor-element-populated\">\n                            <div class=\"elementor-widget-wrap\">\n                \t\t<div class=\"elementor-element elementor-element-5419caa elementor-widget elementor-widget-ct_text_editor\" data-id=\"5419caa\" data-element_type=\"widget\" data-e-type=\"widget\" data-widget_type=\"ct_text_editor.default\">\n\t\t\t\t<div class=\"elementor-widget-container\">\n\t\t\t\t\t<div id=\"ct_text_editor-5419caa\" class=\"ct-text-editor \" data-wow-delay=\"ms\">\n\t<div class=\"ct-item--inner\">\n\t\t<div class=\"ct-inline-css\"  data-css=\"\n\t        \t\t\t\">\n\n\t    <\/div>\n\t\t<div class=\"ct-text-editor elementor-clearfix\">\n\t\t\t<div class=\"vc_row wpb_row vc_custom_1530807884146\"><div class=\"porto-wrap-container container\"><div class=\"row\"><div class=\"vc_column_container col-md-12\"><div class=\"wpb_wrapper vc_column-inner\"><div class=\"wpb_text_column wpb_content_element vc_custom_1530804627788\"><div class=\"wpb_wrapper\"><p><em><strong>OCEANS TEAM<\/strong>, Uzun y\u0131llar boyunca sekt\u00f6r\u00fcn duayenleri ile beraber say\u0131s\u0131z organizasyona imza atarak alan\u0131nda uzmanla\u015fm\u0131\u015f, gen\u00e7 ve dinamik kadrosu ile ihtiya\u00e7 duyulan insan kayna\u011f\u0131n\u0131 sa\u011flamak i\u00e7in yola \u00e7\u0131km\u0131\u015ft\u0131r. Ve yoluna t\u00fcm h\u0131z\u0131yla devam etmektedir.<\/em><\/p><p><em>M\u00fc\u015fteri beklentilerini a\u015fan rekabet\u00e7i vizyonumuz ile kendi de\u011ferlerimiz do\u011frultusunda sizlerle b\u00fcy\u00fcmek.<\/em><\/p><\/div><\/div><\/div><\/div><\/div><\/div><\/div><div class=\"vc_row wpb_row m-t-xs\"><div class=\"porto-wrap-container container\"><div class=\"row\"><div class=\"vc_column_container col-md-12\"><div class=\"wpb_wrapper vc_column-inner\"><div class=\"wpb_text_column wpb_content_element \"><div class=\"wpb_wrapper\"><p data-fontsize=\"16\" data-lineheight=\"24\"><em>OCEANS TEAM, personeli uygun pozisyonda g\u00f6revlendirerek m\u00fc\u015fteri memnuniyetini en \u00fcst seviyede tutmay\u0131 ama\u00e7 edinmi\u015f bir firmad\u0131r. Hedeflerimizi ger\u00e7ekle\u015ftirirken hizmet verdi\u011fimiz alanlarda do\u011fabilecek yeni talepleri ve ihtiya\u00e7lar\u0131 g\u00f6z \u00f6n\u00fcnde bulundurarak i\u015f geli\u015ftirme ve innovasyonu etkin bir bi\u00e7imde ger\u00e7ekle\u015ftirmekte olan OCEANS TEAM, profesyonel olarak hizmet sundu\u011fu sekt\u00f6rlerde i\u015fveren firma ve talep edilen g\u00f6reve uygun personellerin ilk tercihleri aras\u0131nda yer alan bir bulu\u015fma noktas\u0131 olarak \u00e7al\u0131\u015fmalar\u0131n\u0131 ilerici y\u00f6nde ilerletmektedir.<\/em><\/p><\/div><\/div><\/div><\/div><\/div><\/div><\/div>\t\t\n\t\t<\/div>\n\t<\/div>\n<\/div>\t\t\t\t<\/div>\n\t\t\t\t<\/div>\n\t\t                <\/div>\n                    <\/div>\n        <\/div>\n                                <\/div>\n                    <\/div>\n        <\/section>\n                        <\/div>\n                    <\/div>\n        <\/div>\n                                <\/div>\n                    <\/div>\n        <\/section>\n                <section class=\"elementor-section elementor-top-section elementor-element elementor-element-de5dcd5 elementor-section-stretched elementor-section-boxed elementor-section-height-default elementor-section-height-default ct-header-fixed-none ct-row-max-none\" data-id=\"de5dcd5\" data-element_type=\"section\" data-e-type=\"section\" data-settings=\"{&quot;stretch_section&quot;:&quot;section-stretched&quot;,&quot;background_background&quot;:&quot;classic&quot;}\">\n            \n                        <div class=\"elementor-container elementor-column-gap-extended \">\n                            <div class=\"elementor-row\">\n                    <div class=\"elementor-column elementor-col-33 elementor-top-column elementor-element elementor-element-38d98e3\" data-id=\"38d98e3\" data-element_type=\"column\" data-e-type=\"column\">\n            <div class=\"elementor-column-wrap elementor-element-populated\">\n                            <div class=\"elementor-widget-wrap\">\n                \t\t<div class=\"elementor-element elementor-element-fcdca76 elementor-widget elementor-widget-ct_fancy_box\" data-id=\"fcdca76\" data-element_type=\"widget\" data-e-type=\"widget\" data-widget_type=\"ct_fancy_box.default\">\n\t\t\t\t<div class=\"elementor-widget-container\">\n\t\t\t\t\t<div class=\"ct-fancy-box-layout3-wrap style1\">\n    <div class=\"ct-fancy-box ct-fancy-box-layout9 style1   wow fadeInUp\" data-wow-delay=\"ms\">\n                    <div class=\"item--icon\">\n                            <\/div>\n                        <div class=\"item--holder\">\n            <h3 class=\"item--title\">\n                \u0130ste\u011fimiz            <\/h3>\n            <div class=\"item--description\">Sayg\u0131l\u0131, g\u00fcvenilir, dinamik, yarat\u0131c\u0131, \u00e7\u00f6z\u00fcm odakl\u0131, sorumluluk sahibi bir i\u015f ortakl\u0131\u011f\u0131 sa\u011flamakt\u0131r.<\/div>\n                    <\/div>\n    <\/div>\n<\/div>\t\t\t\t<\/div>\n\t\t\t\t<\/div>\n\t\t                <\/div>\n                    <\/div>\n        <\/div>\n                <div class=\"elementor-column elementor-col-33 elementor-top-column elementor-element elementor-element-2c21843\" data-id=\"2c21843\" data-element_type=\"column\" data-e-type=\"column\">\n            <div class=\"elementor-column-wrap elementor-element-populated\">\n                            <div class=\"elementor-widget-wrap\">\n                \t\t<div class=\"elementor-element elementor-element-cc207a7 elementor-widget elementor-widget-ct_fancy_box\" data-id=\"cc207a7\" data-element_type=\"widget\" data-e-type=\"widget\" data-widget_type=\"ct_fancy_box.default\">\n\t\t\t\t<div class=\"elementor-widget-container\">\n\t\t\t\t\t<div class=\"ct-fancy-box-layout3-wrap style1\">\n    <div class=\"ct-fancy-box ct-fancy-box-layout9 style1   wow fadeInUp\" data-wow-delay=\"ms\">\n                    <div class=\"item--icon\">\n                            <\/div>\n                        <div class=\"item--holder\">\n            <h3 class=\"item--title\">\n                Amac\u0131m\u0131z            <\/h3>\n            <div class=\"item--description\">Organizasyonunuzun bir par\u00e7as\u0131 olarak tecr\u00fcbeli, gen\u00e7 ve dinamik personellerimizle yan\u0131n\u0131zda yer almak.<\/div>\n                    <\/div>\n    <\/div>\n<\/div>\t\t\t\t<\/div>\n\t\t\t\t<\/div>\n\t\t                <\/div>\n                    <\/div>\n        <\/div>\n                <div class=\"elementor-column elementor-col-33 elementor-top-column elementor-element elementor-element-80ee074\" data-id=\"80ee074\" data-element_type=\"column\" data-e-type=\"column\">\n            <div class=\"elementor-column-wrap elementor-element-populated\">\n                            <div class=\"elementor-widget-wrap\">\n                \t\t<div class=\"elementor-element elementor-element-a9d6069 elementor-widget elementor-widget-ct_fancy_box\" data-id=\"a9d6069\" data-element_type=\"widget\" data-e-type=\"widget\" data-widget_type=\"ct_fancy_box.default\">\n\t\t\t\t<div class=\"elementor-widget-container\">\n\t\t\t\t\t<div class=\"ct-fancy-box-layout3-wrap style1\">\n    <div class=\"ct-fancy-box ct-fancy-box-layout9 style1   wow fadeInUp\" data-wow-delay=\"ms\">\n                    <div class=\"item--icon\">\n                            <\/div>\n                        <div class=\"item--holder\">\n            <h3 class=\"item--title\">\n                Hedefimiz            <\/h3>\n            <div class=\"item--description\">\u015eeffaf kalarak, sekt\u00f6rdeki kaliteli hizmet anlay\u0131\u015f\u0131nda \u00f6nc\u00fc olmak ve akabinde s\u00fcrekli iyile\u015ftirmeyi sa\u011flamak.<\/div>\n                    <\/div>\n    <\/div>\n<\/div>\t\t\t\t<\/div>\n\t\t\t\t<\/div>\n\t\t                <\/div>\n                    <\/div>\n        <\/div>\n                                <\/div>\n                    <\/div>\n        <\/section>\n                <section class=\"elementor-section elementor-top-section elementor-element elementor-element-5a2b9599 elementor-section-stretched elementor-section-boxed elementor-section-height-default elementor-section-height-default ct-header-fixed-none ct-row-max-none\" data-id=\"5a2b9599\" data-element_type=\"section\" data-e-type=\"section\" data-settings=\"{&quot;stretch_section&quot;:&quot;section-stretched&quot;,&quot;background_background&quot;:&quot;classic&quot;}\">\n            \n                        <div class=\"elementor-container elementor-column-gap-extended \">\n                            <div class=\"elementor-row\">\n                    <div class=\"elementor-column elementor-col-100 elementor-top-column elementor-element elementor-element-6c347ec8\" data-id=\"6c347ec8\" data-element_type=\"column\" data-e-type=\"column\">\n            <div class=\"elementor-column-wrap elementor-element-populated\">\n                            <div class=\"elementor-widget-wrap\">\n                        <section class=\"elementor-section elementor-inner-section elementor-element elementor-element-2d4c1f97 elementor-section-content-middle elementor-section-boxed elementor-section-height-default elementor-section-height-default ct-header-fixed-none ct-row-max-none\" data-id=\"2d4c1f97\" data-element_type=\"section\" data-e-type=\"section\">\n            \n                        <div class=\"elementor-container elementor-column-gap-extended \">\n                            <div class=\"elementor-row\">\n                    <div class=\"elementor-column elementor-col-50 elementor-inner-column elementor-element elementor-element-612ab1fd\" data-id=\"612ab1fd\" data-element_type=\"column\" data-e-type=\"column\">\n            <div class=\"elementor-column-wrap elementor-element-populated\">\n                            <div class=\"elementor-widget-wrap\">\n                \t\t<div class=\"elementor-element elementor-element-77b7a351 elementor-widget elementor-widget-ct_heading\" data-id=\"77b7a351\" data-element_type=\"widget\" data-e-type=\"widget\" data-widget_type=\"ct_heading.default\">\n\t\t\t\t<div class=\"elementor-widget-container\">\n\t\t\t\t\t<div id=\"ct_heading-77b7a351\" class=\"ct-heading h-align- sub- ct-heading-left item-st-line-left1\">\n\t<div class=\"ct-item--inner\">\n        <div class=\"ct-inline-css\"  data-css=\"\n            \">\n        <\/div>\n                <h3 class=\"item--title st-line-left1 case-animate-time\" data-wow-delay=\"ms\">\n                        <span class=\"sp-main\">\n                                    <i><\/i>\n                \n                G\u00fc\u00e7l\u00fc ekibimizle t\u00fcm ihtiya\u00e7lar\u0131n\u0131z\u0131 profesyonelce kar\u015f\u0131l\u0131yoruz.\n                \n                            <\/span>\n                    <\/h3>\n    <\/div>\n<\/div>\t\t\t\t<\/div>\n\t\t\t\t<\/div>\n\t\t                <\/div>\n                    <\/div>\n        <\/div>\n                <div class=\"elementor-column elementor-col-50 elementor-inner-column elementor-element elementor-element-5f10fb7d\" data-id=\"5f10fb7d\" data-element_type=\"column\" data-e-type=\"column\">\n            <div class=\"elementor-column-wrap elementor-element-populated\">\n                            <div class=\"elementor-widget-wrap\">\n                \t\t<div class=\"elementor-element elementor-element-4e42cd05 elementor-widget elementor-widget-ct_text_editor\" data-id=\"4e42cd05\" data-element_type=\"widget\" data-e-type=\"widget\" data-widget_type=\"ct_text_editor.default\">\n\t\t\t\t<div class=\"elementor-widget-container\">\n\t\t\t\t\t<div id=\"ct_text_editor-4e42cd05\" class=\"ct-text-editor \" data-wow-delay=\"ms\">\n\t<div class=\"ct-item--inner\">\n\t\t<div class=\"ct-inline-css\"  data-css=\"\n\t        \t\t\t\">\n\n\t    <\/div>\n\t\t<div class=\"ct-text-editor elementor-clearfix\">\n\t\t\t<p>Tak\u0131m \u00e7al\u0131\u015fmas\u0131n\u0131n de\u011ferini iyi bilen, profesyonellerle \u00e7al\u0131\u015f\u0131yoruz.<\/p>\t\t\n\t\t<\/div>\n\t<\/div>\n<\/div>\t\t\t\t<\/div>\n\t\t\t\t<\/div>\n\t\t                <\/div>\n                    <\/div>\n        <\/div>\n                                <\/div>\n                    <\/div>\n        <\/section>\n                        <\/div>\n                    <\/div>\n        <\/div>\n                                <\/div>\n                    <\/div>\n        <\/section>\n                <section class=\"elementor-section elementor-top-section elementor-element elementor-element-a46ffb5 elementor-section-stretched elementor-section-boxed elementor-section-height-default elementor-section-height-default ct-header-fixed-none ct-row-max-none\" data-id=\"a46ffb5\" data-element_type=\"section\" data-e-type=\"section\" data-settings=\"{&quot;stretch_section&quot;:&quot;section-stretched&quot;,&quot;background_background&quot;:&quot;classic&quot;}\">\n                            <div class=\"elementor-background-overlay\"><\/div>\n                \n                        <div class=\"elementor-container elementor-column-gap-extended \">\n                            <div class=\"elementor-row\">\n                    <div class=\"elementor-column elementor-col-100 elementor-top-column elementor-element elementor-element-5e67a90\" data-id=\"5e67a90\" data-element_type=\"column\" data-e-type=\"column\">\n            <div class=\"elementor-column-wrap elementor-element-populated\">\n                            <div class=\"elementor-widget-wrap\">\n                        <section class=\"elementor-section elementor-inner-section elementor-element elementor-element-0336159 elementor-section-boxed elementor-section-height-default elementor-section-height-default ct-header-fixed-none ct-row-max-none\" data-id=\"0336159\" data-element_type=\"section\" data-e-type=\"section\">\n            \n                        <div class=\"elementor-container elementor-column-gap-extended \">\n                            <div class=\"elementor-row\">\n                    <div class=\"elementor-column elementor-col-33 elementor-inner-column elementor-element elementor-element-9559d14\" data-id=\"9559d14\" data-element_type=\"column\" data-e-type=\"column\">\n            <div class=\"elementor-column-wrap\">\n                            <div class=\"elementor-widget-wrap\">\n                                <\/div>\n                    <\/div>\n        <\/div>\n                <div class=\"elementor-column elementor-col-33 elementor-inner-column elementor-element elementor-element-7aad221\" data-id=\"7aad221\" data-element_type=\"column\" data-e-type=\"column\">\n            <div class=\"elementor-column-wrap elementor-element-populated\">\n                            <div class=\"elementor-widget-wrap\">\n                \t\t<div class=\"elementor-element elementor-element-fd46c38 elementor-widget elementor-widget-ct_heading\" data-id=\"fd46c38\" data-element_type=\"widget\" data-e-type=\"widget\" data-widget_type=\"ct_heading.default\">\n\t\t\t\t<div class=\"elementor-widget-container\">\n\t\t\t\t\t<div id=\"ct_heading-fd46c38\" class=\"ct-heading h-align-center sub-style1 ct-heading-left item-st-default\">\n\t<div class=\"ct-item--inner\">\n        <div class=\"ct-inline-css\"  data-css=\"\n            \">\n        <\/div>\n            \t\t<div class=\"item--sub-title style1 hide-line\">\n                                Video                                                            <\/div>\n    \t        <h1 class=\"item--title st-default case-animate-time\" data-wow-delay=\"ms\">\n                        <span class=\"sp-main\">\n                \n                \u0130\u015fimizi a\u015fkla nas\u0131l yapt\u0131\u011f\u0131m\u0131z\u0131 <b>g\u00f6r\u00fcn<\/b>\n                \n                            <\/span>\n                    <\/h1>\n    <\/div>\n<\/div>\t\t\t\t<\/div>\n\t\t\t\t<\/div>\n\t\t                <\/div>\n                    <\/div>\n        <\/div>\n                <div class=\"elementor-column elementor-col-33 elementor-inner-column elementor-element elementor-element-3d043c7\" data-id=\"3d043c7\" data-element_type=\"column\" data-e-type=\"column\">\n            <div class=\"elementor-column-wrap\">\n                            <div class=\"elementor-widget-wrap\">\n                                <\/div>\n                    <\/div>\n        <\/div>\n                                <\/div>\n                    <\/div>\n        <\/section>\n        \t\t<div class=\"elementor-element elementor-element-f0564eb text-center elementor-widget elementor-widget-ct_video_player\" data-id=\"f0564eb\" data-element_type=\"widget\" data-e-type=\"widget\" data-widget_type=\"ct_video_player.default\">\n\t\t\t\t<div class=\"elementor-widget-container\">\n\t\t\t\t\t<div class=\"ct-video-player video-player-style1 wow fadeInUp \">\n                    <a class=\"ct-video-button style1\" href=\"https:\/\/www.youtube.com\/watch?v=lOxihVmrCoE\">\n            <i class=\"fac fac-play\"><\/i>\n            <span class=\"line-video-animation line-video-1\"><\/span>\n            <span class=\"line-video-animation line-video-2\"><\/span>\n            <span class=\"line-video-animation line-video-3\"><\/span>\n        <\/a>\n        <span><\/span>\n<\/div>\n\t\t\t\t<\/div>\n\t\t\t\t<\/div>\n\t\t                <\/div>\n                    <\/div>\n        <\/div>\n                                <\/div>\n                    <\/div>\n        <\/section>\n        \t\t<\/div>\n\t\t","protected":false},"excerpt":{"rendered":"<p>OCEANS TEAM, Uzun y\u0131llar boyunca sekt\u00f6r\u00fcn duayenleri ile beraber say\u0131s\u0131z organizasyona imza atarak alan\u0131nda uzmanla\u015fm\u0131\u015f, gen\u00e7 ve dinamik kadrosu ile ihtiya\u00e7 duyulan insan kayna\u011f\u0131n\u0131 sa\u011flamak i\u00e7in yola \u00e7\u0131km\u0131\u015ft\u0131r. Ve yoluna t\u00fcm h\u0131z\u0131yla devam etmektedir. M\u00fc\u015fteri beklentilerini a\u015fan rekabet\u00e7i vizyonumuz ile kendi de\u011ferlerimiz do\u011frultusunda sizlerle b\u00fcy\u00fcmek. OCEANS TEAM, personeli uygun pozisyonda g\u00f6revlendirerek m\u00fc\u015fteri memnuniyetini en \u00fcst [&hellip;]<\/p>\n","protected":false},"author":1,"featured_media":0,"parent":0,"menu_order":0,"comment_status":"closed","ping_status":"closed","template":"","meta":{"footnotes":""},"class_list":["post-3495","page","type-page","status-publish","hentry"],"_links":{"self":[{"href":"https:\/\/www.oceansteam.com.tr\/index.php?rest_route=\/wp\/v2\/pages\/3495","targetHints":{"allow":["GET"]}}],"collection":[{"href":"https:\/\/www.oceansteam.com.tr\/index.php?rest_route=\/wp\/v2\/pages"}],"about":[{"href":"https:\/\/www.oceansteam.com.tr\/index.php?rest_route=\/wp\/v2\/types\/page"}],"author":[{"embeddable":true,"href":"https:\/\/www.oceansteam.com.tr\/index.php?rest_route=\/wp\/v2\/users\/1"}],"replies":[{"embeddable":true,"href":"https:\/\/www.oceansteam.com.tr\/index.php?rest_route=%2Fwp%2Fv2%2Fcomments&post=3495"}],"version-history":[{"count":81,"href":"https:\/\/www.oceansteam.com.tr\/index.php?rest_route=\/wp\/v2\/pages\/3495\/revisions"}],"predecessor-version":[{"id":8424,"href":"https:\/\/www.oceansteam.com.tr\/index.php?rest_route=\/wp\/v2\/pages\/3495\/revisions\/8424"}],"wp:attachment":[{"href":"https:\/\/www.oceansteam.com.tr\/index.php?rest_route=%2Fwp%2Fv2%2Fmedia&parent=3495"}],"curies":[{"name":"wp","href":"https:\/\/api.w.org\/{rel}","templated":true}]}}